{"id":47203,"date":"2025-05-14T18:40:23","date_gmt":"2025-05-14T16:40:23","guid":{"rendered":"https:\/\/www.azaleaproperties.es\/servicios\/"},"modified":"2025-08-04T11:43:37","modified_gmt":"2025-08-04T09:43:37","slug":"services","status":"publish","type":"page","link":"https:\/\/www.azaleaproperties.es\/en\/services\/","title":{"rendered":"Services"},"content":{"rendered":"<p>[et_pb_section fb_built=&#8221;1&#8243; admin_label=&#8221;SECCION 01 &#8211; ESCRITORIO Y MOVIL&#8221; _builder_version=&#8221;4.27.4&#8243; _module_preset=&#8221;default&#8221; background_enable_color=&#8221;off&#8221; background_image=&#8221;https:\/\/www.azaleaproperties.es\/wp-content\/uploads\/2025\/05\/bannerserv.jpg&#8221; background_position=&#8221;top_left&#8221; background_repeat=&#8221;repeat&#8221; background_enable_video_mp4=&#8221;off&#8221; background_pattern_horizontal_offset=&#8221;49%&#8221; background_pattern_vertical_offset=&#8221;-14%&#8221; custom_margin=&#8221;0px||0px||false|false&#8221; custom_padding=&#8221;0px||0px||false|false&#8221; collapsed=&#8221;off&#8221; global_colors_info=&#8221;{}&#8221;][et_pb_row admin_label=&#8221;FONDO MARITIMO&#8221; _builder_version=&#8221;4.19.5&#8243; _module_preset=&#8221;default&#8221; background_enable_image=&#8221;off&#8221; background_position=&#8221;top_center&#8221; width=&#8221;100%&#8221; max_width=&#8221;100%&#8221; custom_margin=&#8221;0px||0px||false|false&#8221; custom_padding=&#8221;0px||0px||false|false&#8221; animation_direction=&#8221;bottom&#8221; collapsed=&#8221;off&#8221; global_colors_info=&#8221;{}&#8221;][et_pb_column type=&#8221;4_4&#8243; _builder_version=&#8221;4.19.4&#8243; _module_preset=&#8221;default&#8221; global_colors_info=&#8221;{}&#8221;][et_pb_text admin_label=&#8221;Texto &#8211; Mirando al mar&#8221; module_class=&#8221;cabeceras&#8221; _builder_version=&#8221;4.27.4&#8243; _module_preset=&#8221;default&#8221; text_orientation=&#8221;center&#8221; custom_margin=&#8221;15%||15%||false|false&#8221; animation_style=&#8221;fade&#8221; animation_delay=&#8221;1000ms&#8221; hover_enabled=&#8221;0&#8243; text_text_shadow_style=&#8221;preset2&#8243; global_colors_info=&#8221;{}&#8221; sticky_enabled=&#8221;0&#8243;]<\/p>\n<p>living to the rhythm of nature<\/p>\n<p>[\/et_pb_text][\/et_pb_column][\/et_pb_row][\/et_pb_section][et_pb_section fb_built=&#8221;1&#8243; disabled_on=&#8221;on|on|off&#8221; admin_label=&#8221;Secci\u00f3n 02 &#8211; ESCRITORIO&#8221; _builder_version=&#8221;4.27.4&#8243; _module_preset=&#8221;default&#8221; background_color=&#8221;RGBA(255,255,255,0)&#8221; custom_margin=&#8221;0px||0px||false|false&#8221; custom_padding=&#8221;0px||0px||false|false&#8221; global_colors_info=&#8221;{}&#8221;][et_pb_row column_structure=&#8221;2_3,1_3&#8243; use_custom_gutter=&#8221;on&#8221; gutter_width=&#8221;1&#8243; _builder_version=&#8221;4.27.4&#8243; _module_preset=&#8221;default&#8221; width=&#8221;100%&#8221; global_colors_info=&#8221;{}&#8221;][et_pb_column type=&#8221;2_3&#8243; _builder_version=&#8221;4.27.4&#8243; _module_preset=&#8221;default&#8221; global_colors_info=&#8221;{}&#8221;][et_pb_image src=&#8221;https:\/\/www.azaleaproperties.es\/wp-content\/uploads\/2025\/07\/02_servicios-ult.jpg&#8221; _builder_version=&#8221;4.27.4&#8243; _module_preset=&#8221;default&#8221; global_colors_info=&#8221;{}&#8221;][\/et_pb_image][\/et_pb_column][et_pb_column type=&#8221;1_3&#8243; _builder_version=&#8221;4.27.4&#8243; _module_preset=&#8221;default&#8221; global_colors_info=&#8221;{}&#8221;][et_pb_text _builder_version=&#8221;4.27.4&#8243; _module_preset=&#8221;default&#8221; header_font=&#8221;|700||on|||||&#8221; custom_margin=&#8221;10%|10%|10%|10%|true|true&#8221; custom_padding=&#8221;10%|10%|10%|10%|true|true&#8221; hover_enabled=&#8221;0&#8243; global_colors_info=&#8221;{}&#8221; sticky_enabled=&#8221;0&#8243;]<\/p>\n<h1>Interior Design<\/h1>\n<p>At Azalea-Homes, we offer both turnkey and personalized interior design projects, crafted to reflect your style and turn your home into a unique and comfortable space. Our team will be with you every step of the way, ensuring your home feels special from the very beginning.<\/p>\n<p>[\/et_pb_text][\/et_pb_column][\/et_pb_row][et_pb_row column_structure=&#8221;1_3,2_3&#8243; use_custom_gutter=&#8221;on&#8221; gutter_width=&#8221;1&#8243; _builder_version=&#8221;4.27.4&#8243; _module_preset=&#8221;default&#8221; width=&#8221;100%&#8221; global_colors_info=&#8221;{}&#8221;][et_pb_column type=&#8221;1_3&#8243; _builder_version=&#8221;4.27.4&#8243; _module_preset=&#8221;default&#8221; global_colors_info=&#8221;{}&#8221;][et_pb_text _builder_version=&#8221;4.27.4&#8243; _module_preset=&#8221;default&#8221; header_font=&#8221;|700||on|||||&#8221; header_text_align=&#8221;right&#8221; text_orientation=&#8221;right&#8221; custom_margin=&#8221;10%|10%|10%|10%|true|true&#8221; custom_padding=&#8221;10%|10%|10%|10%|true|true&#8221; hover_enabled=&#8221;0&#8243; global_colors_info=&#8221;{}&#8221; sticky_enabled=&#8221;0&#8243;]<\/p>\n<h1>Landscaping<\/h1>\n<p>At Azalea-Homes, we believe that great exterior design can completely transform a space. Since our homes include private plots with ample space for a large garden, we offer a landscaping service to help you create the beautiful and functional outdoor space you\u2019ve always wanted.<\/p>\n<p>[\/et_pb_text][\/et_pb_column][et_pb_column type=&#8221;2_3&#8243; _builder_version=&#8221;4.27.4&#8243; _module_preset=&#8221;default&#8221; global_colors_info=&#8221;{}&#8221;][et_pb_image src=&#8221;https:\/\/www.azaleaproperties.es\/wp-content\/uploads\/2025\/07\/03_servicios-ult.jpg&#8221; _builder_version=&#8221;4.27.4&#8243; _module_preset=&#8221;default&#8221; global_colors_info=&#8221;{}&#8221;][\/et_pb_image][\/et_pb_column][\/et_pb_row][\/et_pb_section][et_pb_section fb_built=&#8221;1&#8243; disabled_on=&#8221;off|off|on&#8221; admin_label=&#8221;Secci\u00f3n 02 &#8211; MOVIL&#8221; _builder_version=&#8221;4.27.4&#8243; _module_preset=&#8221;default&#8221; background_color=&#8221;RGBA(255,255,255,0)&#8221; custom_margin=&#8221;||||false|false&#8221; custom_padding=&#8221;||||false|false&#8221; global_colors_info=&#8221;{}&#8221;][et_pb_row _builder_version=&#8221;4.27.4&#8243; _module_preset=&#8221;default&#8221; global_colors_info=&#8221;{}&#8221;][et_pb_column type=&#8221;4_4&#8243; _builder_version=&#8221;4.27.4&#8243; _module_preset=&#8221;default&#8221; global_colors_info=&#8221;{}&#8221;][et_pb_text _builder_version=&#8221;4.27.4&#8243; _module_preset=&#8221;default&#8221; header_font=&#8221;|700||on|||||&#8221; hover_enabled=&#8221;0&#8243; global_colors_info=&#8221;{}&#8221; sticky_enabled=&#8221;0&#8243;]<\/p>\n<h1>Interior Design<\/h1>\n<p>At Azalea-Homes, we offer both turnkey and personalized interior design projects, crafted to reflect your style and turn your home into a unique and comfortable space. Our team will be with you every step of the way, ensuring your home feels special from the very beginning.<\/p>\n<p>[\/et_pb_text][et_pb_image src=&#8221;https:\/\/www.azaleaproperties.es\/wp-content\/uploads\/2025\/07\/02_servicios-ult.jpg&#8221; _builder_version=&#8221;4.27.4&#8243; _module_preset=&#8221;default&#8221; global_colors_info=&#8221;{}&#8221;][\/et_pb_image][\/et_pb_column][\/et_pb_row][et_pb_row _builder_version=&#8221;4.27.4&#8243; _module_preset=&#8221;default&#8221; global_colors_info=&#8221;{}&#8221;][et_pb_column type=&#8221;4_4&#8243; _builder_version=&#8221;4.27.4&#8243; _module_preset=&#8221;default&#8221; global_colors_info=&#8221;{}&#8221;][et_pb_text _builder_version=&#8221;4.27.4&#8243; _module_preset=&#8221;default&#8221; header_font=&#8221;|700||on|||||&#8221; hover_enabled=&#8221;0&#8243; global_colors_info=&#8221;{}&#8221; sticky_enabled=&#8221;0&#8243;]<\/p>\n<h1>Landscaping<\/h1>\n<p>At Azalea-Homes, we believe that great exterior design can completely transform a space. Since our homes include private plots with ample space for a large garden, we offer a landscaping service to help you create the beautiful and functional outdoor space you\u2019ve always wanted.<\/p>\n<p>[\/et_pb_text][et_pb_image src=&#8221;https:\/\/www.azaleaproperties.es\/wp-content\/uploads\/2025\/07\/03_servicios-ult.jpg&#8221; _builder_version=&#8221;4.27.4&#8243; _module_preset=&#8221;default&#8221; global_colors_info=&#8221;{}&#8221;][\/et_pb_image][\/et_pb_column][\/et_pb_row][\/et_pb_section]<\/p>\n","protected":false},"excerpt":{"rendered":"<p>living to the rhythm of natureInterior Design At Azalea-Homes, we offer both turnkey and personalized interior design projects, crafted to reflect your style and turn your home into a unique and comfortable space. Our team will be with you every step of the way, ensuring your home feels special from the very beginning.Landscaping At Azalea-Homes, [&hellip;]<\/p>\n","protected":false},"author":1,"featured_media":0,"parent":0,"menu_order":0,"comment_status":"closed","ping_status":"closed","template":"","meta":{"_acf_changed":false,"_et_pb_use_builder":"on","_et_pb_old_content":"","_et_gb_content_width":"","footnotes":""},"class_list":["post-47203","page","type-page","status-publish","hentry"],"acf":[],"yoast_head":"<!-- This site is optimized with the Yoast SEO plugin v27.2 - https:\/\/yoast.com\/product\/yoast-seo-wordpress\/ -->\n<title>Services - AZALEA PROPERTIES<\/title>\n<meta name=\"robots\" content=\"index, follow, max-snippet:-1, max-image-preview:large, max-video-preview:-1\" \/>\n<link rel=\"canonical\" href=\"https:\/\/www.azaleaproperties.es\/en\/services\/\" \/>\n<meta property=\"og:locale\" content=\"en_US\" \/>\n<meta property=\"og:type\" content=\"article\" \/>\n<meta property=\"og:title\" content=\"Services - AZALEA PROPERTIES\" \/>\n<meta property=\"og:description\" content=\"living to the rhythm of natureInterior Design At Azalea-Homes, we offer both turnkey and personalized interior design projects, crafted to reflect your style and turn your home into a unique and comfortable space. Our team will be with you every step of the way, ensuring your home feels special from the very beginning.Landscaping At Azalea-Homes, [&hellip;]\" \/>\n<meta property=\"og:url\" content=\"https:\/\/www.azaleaproperties.es\/en\/services\/\" \/>\n<meta property=\"og:site_name\" content=\"AZALEA PROPERTIES\" \/>\n<meta property=\"article:modified_time\" content=\"2025-08-04T09:43:37+00:00\" \/>\n<meta name=\"twitter:card\" content=\"summary_large_image\" \/>\n<meta name=\"twitter:label1\" content=\"Est. reading time\" \/>\n\t<meta name=\"twitter:data1\" content=\"4 minutes\" \/>\n<script type=\"application\/ld+json\" class=\"yoast-schema-graph\">{\"@context\":\"https:\/\/schema.org\",\"@graph\":[{\"@type\":\"WebPage\",\"@id\":\"https:\/\/www.azaleaproperties.es\/en\/services\/\",\"url\":\"https:\/\/www.azaleaproperties.es\/en\/services\/\",\"name\":\"Services - AZALEA PROPERTIES\",\"isPartOf\":{\"@id\":\"https:\/\/www.azaleaproperties.es\/en\/#website\"},\"datePublished\":\"2025-05-14T16:40:23+00:00\",\"dateModified\":\"2025-08-04T09:43:37+00:00\",\"breadcrumb\":{\"@id\":\"https:\/\/www.azaleaproperties.es\/en\/services\/#breadcrumb\"},\"inLanguage\":\"en-US\",\"potentialAction\":[{\"@type\":\"ReadAction\",\"target\":[\"https:\/\/www.azaleaproperties.es\/en\/services\/\"]}]},{\"@type\":\"BreadcrumbList\",\"@id\":\"https:\/\/www.azaleaproperties.es\/en\/services\/#breadcrumb\",\"itemListElement\":[{\"@type\":\"ListItem\",\"position\":1,\"name\":\"Portada\",\"item\":\"https:\/\/www.azaleaproperties.es\/en\/\"},{\"@type\":\"ListItem\",\"position\":2,\"name\":\"Services\"}]},{\"@type\":\"WebSite\",\"@id\":\"https:\/\/www.azaleaproperties.es\/en\/#website\",\"url\":\"https:\/\/www.azaleaproperties.es\/en\/\",\"name\":\"AZALEA PROPERTIES\",\"description\":\"Inmobiliaria promotora de viviendas en la Costa Blanca, constru\u00eddas con la m\u00e1xima calidad y amor por los detalles. Nos encontrar\u00e1 en Torrevieja.\",\"potentialAction\":[{\"@type\":\"SearchAction\",\"target\":{\"@type\":\"EntryPoint\",\"urlTemplate\":\"https:\/\/www.azaleaproperties.es\/en\/?s={search_term_string}\"},\"query-input\":{\"@type\":\"PropertyValueSpecification\",\"valueRequired\":true,\"valueName\":\"search_term_string\"}}],\"inLanguage\":\"en-US\"}]}<\/script>\n<!-- \/ Yoast SEO plugin. -->","yoast_head_json":{"title":"Services - AZALEA PROPERTIES","robots":{"index":"index","follow":"follow","max-snippet":"max-snippet:-1","max-image-preview":"max-image-preview:large","max-video-preview":"max-video-preview:-1"},"canonical":"https:\/\/www.azaleaproperties.es\/en\/services\/","og_locale":"en_US","og_type":"article","og_title":"Services - AZALEA PROPERTIES","og_description":"living to the rhythm of natureInterior Design At Azalea-Homes, we offer both turnkey and personalized interior design projects, crafted to reflect your style and turn your home into a unique and comfortable space. Our team will be with you every step of the way, ensuring your home feels special from the very beginning.Landscaping At Azalea-Homes, [&hellip;]","og_url":"https:\/\/www.azaleaproperties.es\/en\/services\/","og_site_name":"AZALEA PROPERTIES","article_modified_time":"2025-08-04T09:43:37+00:00","twitter_card":"summary_large_image","twitter_misc":{"Est. reading time":"4 minutes"},"schema":{"@context":"https:\/\/schema.org","@graph":[{"@type":"WebPage","@id":"https:\/\/www.azaleaproperties.es\/en\/services\/","url":"https:\/\/www.azaleaproperties.es\/en\/services\/","name":"Services - AZALEA PROPERTIES","isPartOf":{"@id":"https:\/\/www.azaleaproperties.es\/en\/#website"},"datePublished":"2025-05-14T16:40:23+00:00","dateModified":"2025-08-04T09:43:37+00:00","breadcrumb":{"@id":"https:\/\/www.azaleaproperties.es\/en\/services\/#breadcrumb"},"inLanguage":"en-US","potentialAction":[{"@type":"ReadAction","target":["https:\/\/www.azaleaproperties.es\/en\/services\/"]}]},{"@type":"BreadcrumbList","@id":"https:\/\/www.azaleaproperties.es\/en\/services\/#breadcrumb","itemListElement":[{"@type":"ListItem","position":1,"name":"Portada","item":"https:\/\/www.azaleaproperties.es\/en\/"},{"@type":"ListItem","position":2,"name":"Services"}]},{"@type":"WebSite","@id":"https:\/\/www.azaleaproperties.es\/en\/#website","url":"https:\/\/www.azaleaproperties.es\/en\/","name":"AZALEA PROPERTIES","description":"Inmobiliaria promotora de viviendas en la Costa Blanca, constru\u00eddas con la m\u00e1xima calidad y amor por los detalles. Nos encontrar\u00e1 en Torrevieja.","potentialAction":[{"@type":"SearchAction","target":{"@type":"EntryPoint","urlTemplate":"https:\/\/www.azaleaproperties.es\/en\/?s={search_term_string}"},"query-input":{"@type":"PropertyValueSpecification","valueRequired":true,"valueName":"search_term_string"}}],"inLanguage":"en-US"}]}},"_links":{"self":[{"href":"https:\/\/www.azaleaproperties.es\/en\/wp-json\/wp\/v2\/pages\/47203","targetHints":{"allow":["GET"]}}],"collection":[{"href":"https:\/\/www.azaleaproperties.es\/en\/wp-json\/wp\/v2\/pages"}],"about":[{"href":"https:\/\/www.azaleaproperties.es\/en\/wp-json\/wp\/v2\/types\/page"}],"author":[{"embeddable":true,"href":"https:\/\/www.azaleaproperties.es\/en\/wp-json\/wp\/v2\/users\/1"}],"replies":[{"embeddable":true,"href":"https:\/\/www.azaleaproperties.es\/en\/wp-json\/wp\/v2\/comments?post=47203"}],"version-history":[{"count":2,"href":"https:\/\/www.azaleaproperties.es\/en\/wp-json\/wp\/v2\/pages\/47203\/revisions"}],"predecessor-version":[{"id":47206,"href":"https:\/\/www.azaleaproperties.es\/en\/wp-json\/wp\/v2\/pages\/47203\/revisions\/47206"}],"wp:attachment":[{"href":"https:\/\/www.azaleaproperties.es\/en\/wp-json\/wp\/v2\/media?parent=47203"}],"curies":[{"name":"wp","href":"https:\/\/api.w.org\/{rel}","templated":true}]}}