{"id":47207,"date":"2025-04-11T14:54:54","date_gmt":"2025-04-11T12:54:54","guid":{"rendered":"https:\/\/www.azaleaproperties.es\/contactar\/"},"modified":"2025-08-04T12:03:17","modified_gmt":"2025-08-04T10:03:17","slug":"contactar","status":"publish","type":"page","link":"https:\/\/www.azaleaproperties.es\/en\/contactar\/","title":{"rendered":"Contact"},"content":{"rendered":"<p>[et_pb_section fb_built=&#8221;1&#8243; _builder_version=&#8221;4.27.4&#8243; _module_preset=&#8221;default&#8221; background_image=&#8221;https:\/\/www.azaleaproperties.es\/wp-content\/uploads\/2025\/07\/BANNER_CONTACTAR-scaled.jpg&#8221; custom_margin=&#8221;0px|0px|0px|0px|true|true&#8221; custom_padding=&#8221;0px|0px|0px|0px|true|true&#8221; global_colors_info=&#8221;{}&#8221;][et_pb_row _builder_version=&#8221;4.27.4&#8243; _module_preset=&#8221;default&#8221; width=&#8221;100%&#8221; custom_margin=&#8221;0px|0px|0px|0px|true|true&#8221; custom_padding=&#8221;0px|0px|0px|0px|true|true&#8221; global_colors_info=&#8221;{}&#8221;][et_pb_column type=&#8221;4_4&#8243; _builder_version=&#8221;4.27.4&#8243; _module_preset=&#8221;default&#8221; global_colors_info=&#8221;{}&#8221;][et_pb_text module_class=&#8221;cabeceras&#8221; _builder_version=&#8221;4.27.4&#8243; _module_preset=&#8221;default&#8221; position_origin_a=&#8221;center_center&#8221; z_index=&#8221;100&#8243; text_orientation=&#8221;center&#8221; width=&#8221;100%&#8221; custom_margin=&#8221;15%||15%||false|false&#8221; animation_style=&#8221;fade&#8221; animation_delay=&#8221;1000ms&#8221; hover_enabled=&#8221;0&#8243; text_text_shadow_style=&#8221;preset3&#8243; global_colors_info=&#8221;{}&#8221; sticky_enabled=&#8221;0&#8243;]<\/p>\n<p>hello!<\/p>\n<p>[\/et_pb_text][\/et_pb_column][\/et_pb_row][\/et_pb_section][et_pb_section fb_built=&#8221;1&#8243; _builder_version=&#8221;4.27.4&#8243; _module_preset=&#8221;default&#8221; custom_padding=&#8221;||5px|||&#8221; global_colors_info=&#8221;{}&#8221;][et_pb_row column_structure=&#8221;1_2,1_2&#8243; _builder_version=&#8221;4.27.4&#8243; _module_preset=&#8221;default&#8221; global_colors_info=&#8221;{}&#8221;][et_pb_column type=&#8221;1_2&#8243; _builder_version=&#8221;4.27.4&#8243; _module_preset=&#8221;default&#8221; global_colors_info=&#8221;{}&#8221;][et_pb_text _builder_version=&#8221;4.27.4&#8243; _module_preset=&#8221;default&#8221; hover_enabled=&#8221;0&#8243; global_colors_info=&#8221;{}&#8221; sticky_enabled=&#8221;0&#8243;]<\/p>\n<h2>Azalea Grupo Inmobiliario, S.L.<\/h2>\n<p>Avda. de las Habaneras, 87<br \/>03182 Torrevieja, Alicante<\/p>\n<p>Phone: +34 663 931 743<br \/>Email: <a href=\"mailto:ventas@azaleaproperties.es\">ventas@azaleaproperties.es<\/a><\/p>\n<p>[\/et_pb_text][\/et_pb_column][et_pb_column type=&#8221;1_2&#8243; _builder_version=&#8221;4.27.4&#8243; _module_preset=&#8221;default&#8221; global_colors_info=&#8221;{}&#8221;][et_pb_contact_form email=&#8221;ventas@azaleaproperties.es&#8221; _builder_version=&#8221;4.27.4&#8243; _module_preset=&#8221;default&#8221; _unique_id=&#8221;a62be97d-69c1-4f98-9ea5-4fea0e386036&#8243; hover_enabled=&#8221;0&#8243; global_colors_info=&#8221;{}&#8221; sticky_enabled=&#8221;0&#8243;][et_pb_contact_field field_id=&#8221;Name&#8221; field_title=&#8221;Name&#8221; _builder_version=&#8221;4.27.4&#8243; hover_enabled=&#8221;0&#8243; global_colors_info=&#8221;{}&#8221; button_text_size__hover_enabled=&#8221;off&#8221; button_one_text_size__hover_enabled=&#8221;off&#8221; button_two_text_size__hover_enabled=&#8221;off&#8221; button_text_color__hover_enabled=&#8221;off&#8221; button_one_text_color__hover_enabled=&#8221;off&#8221; button_two_text_color__hover_enabled=&#8221;off&#8221; button_border_width__hover_enabled=&#8221;off&#8221; button_one_border_width__hover_enabled=&#8221;off&#8221; button_two_border_width__hover_enabled=&#8221;off&#8221; button_border_color__hover_enabled=&#8221;off&#8221; button_one_border_color__hover_enabled=&#8221;off&#8221; button_two_border_color__hover_enabled=&#8221;off&#8221; button_border_radius__hover_enabled=&#8221;off&#8221; button_one_border_radius__hover_enabled=&#8221;off&#8221; button_two_border_radius__hover_enabled=&#8221;off&#8221; button_letter_spacing__hover_enabled=&#8221;off&#8221; button_one_letter_spacing__hover_enabled=&#8221;off&#8221; button_two_letter_spacing__hover_enabled=&#8221;off&#8221; button_bg_color__hover_enabled=&#8221;off&#8221; button_one_bg_color__hover_enabled=&#8221;off&#8221; button_two_bg_color__hover_enabled=&#8221;off&#8221; sticky_enabled=&#8221;0&#8243;][\/et_pb_contact_field][et_pb_contact_field field_id=&#8221;Email&#8221; field_title=&#8221;Email&#8221; field_type=&#8221;email&#8221; _builder_version=&#8221;4.27.4&#8243; hover_enabled=&#8221;0&#8243; global_colors_info=&#8221;{}&#8221; button_text_size__hover_enabled=&#8221;off&#8221; button_one_text_size__hover_enabled=&#8221;off&#8221; button_two_text_size__hover_enabled=&#8221;off&#8221; button_text_color__hover_enabled=&#8221;off&#8221; button_one_text_color__hover_enabled=&#8221;off&#8221; button_two_text_color__hover_enabled=&#8221;off&#8221; button_border_width__hover_enabled=&#8221;off&#8221; button_one_border_width__hover_enabled=&#8221;off&#8221; button_two_border_width__hover_enabled=&#8221;off&#8221; button_border_color__hover_enabled=&#8221;off&#8221; button_one_border_color__hover_enabled=&#8221;off&#8221; button_two_border_color__hover_enabled=&#8221;off&#8221; button_border_radius__hover_enabled=&#8221;off&#8221; button_one_border_radius__hover_enabled=&#8221;off&#8221; button_two_border_radius__hover_enabled=&#8221;off&#8221; button_letter_spacing__hover_enabled=&#8221;off&#8221; button_one_letter_spacing__hover_enabled=&#8221;off&#8221; button_two_letter_spacing__hover_enabled=&#8221;off&#8221; button_bg_color__hover_enabled=&#8221;off&#8221; button_one_bg_color__hover_enabled=&#8221;off&#8221; button_two_bg_color__hover_enabled=&#8221;off&#8221; sticky_enabled=&#8221;0&#8243;][\/et_pb_contact_field][et_pb_contact_field field_id=&#8221;Message&#8221; field_title=&#8221;Message&#8221; field_type=&#8221;text&#8221; fullwidth_field=&#8221;on&#8221; _builder_version=&#8221;4.27.4&#8243; hover_enabled=&#8221;0&#8243; global_colors_info=&#8221;{}&#8221; button_text_size__hover_enabled=&#8221;off&#8221; button_one_text_size__hover_enabled=&#8221;off&#8221; button_two_text_size__hover_enabled=&#8221;off&#8221; button_text_color__hover_enabled=&#8221;off&#8221; button_one_text_color__hover_enabled=&#8221;off&#8221; button_two_text_color__hover_enabled=&#8221;off&#8221; button_border_width__hover_enabled=&#8221;off&#8221; button_one_border_width__hover_enabled=&#8221;off&#8221; button_two_border_width__hover_enabled=&#8221;off&#8221; button_border_color__hover_enabled=&#8221;off&#8221; button_one_border_color__hover_enabled=&#8221;off&#8221; button_two_border_color__hover_enabled=&#8221;off&#8221; button_border_radius__hover_enabled=&#8221;off&#8221; button_one_border_radius__hover_enabled=&#8221;off&#8221; button_two_border_radius__hover_enabled=&#8221;off&#8221; button_letter_spacing__hover_enabled=&#8221;off&#8221; button_one_letter_spacing__hover_enabled=&#8221;off&#8221; button_two_letter_spacing__hover_enabled=&#8221;off&#8221; button_bg_color__hover_enabled=&#8221;off&#8221; button_one_bg_color__hover_enabled=&#8221;off&#8221; button_two_bg_color__hover_enabled=&#8221;off&#8221; sticky_enabled=&#8221;0&#8243;][\/et_pb_contact_field][\/et_pb_contact_form][\/et_pb_column][\/et_pb_row][\/et_pb_section][et_pb_section fb_built=&#8221;1&#8243; fullwidth=&#8221;on&#8221; _builder_version=&#8221;4.27.4&#8243; _module_preset=&#8221;default&#8221; global_colors_info=&#8221;{}&#8221;][et_pb_fullwidth_map address=&#8221;Av. de las Habaneras, 87, 03182 Torrevieja, Alicante, Espa\u00f1a&#8221; zoom_level=&#8221;16&#8243; address_lat=&#8221;37.9805839&#8243; address_lng=&#8221;-0.6681933&#8243; mouse_wheel=&#8221;off&#8221; _builder_version=&#8221;4.27.4&#8243; _module_preset=&#8221;default&#8221; hover_enabled=&#8221;0&#8243; global_colors_info=&#8221;{}&#8221; sticky_enabled=&#8221;0&#8243;][et_pb_map_pin title=&#8221;Azalea Grupo Inmobiliario&#8221; pin_address=&#8221;Av. de las Habaneras, 87, 03182 Torrevieja, Alicante, Espa\u00f1a&#8221; pin_address_lat=&#8221;37.9805792&#8243; pin_address_lng=&#8221;-0.6678677&#8243; _builder_version=&#8221;4.27.4&#8243; _module_preset=&#8221;default&#8221; global_colors_info=&#8221;{}&#8221; hover_enabled=&#8221;0&#8243; sticky_enabled=&#8221;0&#8243;]<\/p>\n<p>Av. de las Habaneras, 87,<br \/>03182 Torrevieja, Alicante, Spain<\/p>\n<p>[\/et_pb_map_pin][\/et_pb_fullwidth_map][\/et_pb_section]<\/p>\n","protected":false},"excerpt":{"rendered":"<p>hello!Azalea Grupo Inmobiliario, S.L. Avda. de las Habaneras, 8703182 Torrevieja, Alicante Phone: +34 663 931 743Email: ventas@azaleaproperties.esAv. de las Habaneras, 87,03182 Torrevieja, Alicante, Spain<\/p>\n","protected":false},"author":1,"featured_media":0,"parent":0,"menu_order":0,"comment_status":"closed","ping_status":"closed","template":"","meta":{"_acf_changed":false,"_et_pb_use_builder":"on","_et_pb_old_content":"","_et_gb_content_width":"","footnotes":""},"class_list":["post-47207","page","type-page","status-publish","hentry"],"acf":[],"yoast_head":"<!-- This site is optimized with the Yoast SEO plugin v27.2 - https:\/\/yoast.com\/product\/yoast-seo-wordpress\/ -->\n<title>Contact - AZALEA PROPERTIES<\/title>\n<meta name=\"robots\" content=\"index, follow, max-snippet:-1, max-image-preview:large, max-video-preview:-1\" \/>\n<link rel=\"canonical\" href=\"https:\/\/www.azaleaproperties.es\/en\/contactar\/\" \/>\n<meta property=\"og:locale\" content=\"en_US\" \/>\n<meta property=\"og:type\" content=\"article\" \/>\n<meta property=\"og:title\" content=\"Contact - AZALEA PROPERTIES\" \/>\n<meta property=\"og:description\" content=\"hello!Azalea Grupo Inmobiliario, S.L. Avda. de las Habaneras, 8703182 Torrevieja, Alicante Phone: +34 663 931 743Email: ventas@azaleaproperties.esAv. de las Habaneras, 87,03182 Torrevieja, Alicante, Spain\" \/>\n<meta property=\"og:url\" content=\"https:\/\/www.azaleaproperties.es\/en\/contactar\/\" \/>\n<meta property=\"og:site_name\" content=\"AZALEA PROPERTIES\" \/>\n<meta property=\"article:modified_time\" content=\"2025-08-04T10:03:17+00:00\" \/>\n<meta name=\"twitter:card\" content=\"summary_large_image\" \/>\n<meta name=\"twitter:label1\" content=\"Est. reading time\" \/>\n\t<meta name=\"twitter:data1\" content=\"4 minutes\" \/>\n<script type=\"application\/ld+json\" class=\"yoast-schema-graph\">{\"@context\":\"https:\/\/schema.org\",\"@graph\":[{\"@type\":\"WebPage\",\"@id\":\"https:\/\/www.azaleaproperties.es\/en\/contactar\/\",\"url\":\"https:\/\/www.azaleaproperties.es\/en\/contactar\/\",\"name\":\"Contact - AZALEA PROPERTIES\",\"isPartOf\":{\"@id\":\"https:\/\/www.azaleaproperties.es\/en\/#website\"},\"datePublished\":\"2025-04-11T12:54:54+00:00\",\"dateModified\":\"2025-08-04T10:03:17+00:00\",\"breadcrumb\":{\"@id\":\"https:\/\/www.azaleaproperties.es\/en\/contactar\/#breadcrumb\"},\"inLanguage\":\"en-US\",\"potentialAction\":[{\"@type\":\"ReadAction\",\"target\":[\"https:\/\/www.azaleaproperties.es\/en\/contactar\/\"]}]},{\"@type\":\"BreadcrumbList\",\"@id\":\"https:\/\/www.azaleaproperties.es\/en\/contactar\/#breadcrumb\",\"itemListElement\":[{\"@type\":\"ListItem\",\"position\":1,\"name\":\"Portada\",\"item\":\"https:\/\/www.azaleaproperties.es\/en\/\"},{\"@type\":\"ListItem\",\"position\":2,\"name\":\"Contact\"}]},{\"@type\":\"WebSite\",\"@id\":\"https:\/\/www.azaleaproperties.es\/en\/#website\",\"url\":\"https:\/\/www.azaleaproperties.es\/en\/\",\"name\":\"AZALEA PROPERTIES\",\"description\":\"Inmobiliaria promotora de viviendas en la Costa Blanca, constru\u00eddas con la m\u00e1xima calidad y amor por los detalles. Nos encontrar\u00e1 en Torrevieja.\",\"potentialAction\":[{\"@type\":\"SearchAction\",\"target\":{\"@type\":\"EntryPoint\",\"urlTemplate\":\"https:\/\/www.azaleaproperties.es\/en\/?s={search_term_string}\"},\"query-input\":{\"@type\":\"PropertyValueSpecification\",\"valueRequired\":true,\"valueName\":\"search_term_string\"}}],\"inLanguage\":\"en-US\"}]}<\/script>\n<!-- \/ Yoast SEO plugin. -->","yoast_head_json":{"title":"Contact - AZALEA PROPERTIES","robots":{"index":"index","follow":"follow","max-snippet":"max-snippet:-1","max-image-preview":"max-image-preview:large","max-video-preview":"max-video-preview:-1"},"canonical":"https:\/\/www.azaleaproperties.es\/en\/contactar\/","og_locale":"en_US","og_type":"article","og_title":"Contact - AZALEA PROPERTIES","og_description":"hello!Azalea Grupo Inmobiliario, S.L. Avda. de las Habaneras, 8703182 Torrevieja, Alicante Phone: +34 663 931 743Email: ventas@azaleaproperties.esAv. de las Habaneras, 87,03182 Torrevieja, Alicante, Spain","og_url":"https:\/\/www.azaleaproperties.es\/en\/contactar\/","og_site_name":"AZALEA PROPERTIES","article_modified_time":"2025-08-04T10:03:17+00:00","twitter_card":"summary_large_image","twitter_misc":{"Est. reading time":"4 minutes"},"schema":{"@context":"https:\/\/schema.org","@graph":[{"@type":"WebPage","@id":"https:\/\/www.azaleaproperties.es\/en\/contactar\/","url":"https:\/\/www.azaleaproperties.es\/en\/contactar\/","name":"Contact - AZALEA PROPERTIES","isPartOf":{"@id":"https:\/\/www.azaleaproperties.es\/en\/#website"},"datePublished":"2025-04-11T12:54:54+00:00","dateModified":"2025-08-04T10:03:17+00:00","breadcrumb":{"@id":"https:\/\/www.azaleaproperties.es\/en\/contactar\/#breadcrumb"},"inLanguage":"en-US","potentialAction":[{"@type":"ReadAction","target":["https:\/\/www.azaleaproperties.es\/en\/contactar\/"]}]},{"@type":"BreadcrumbList","@id":"https:\/\/www.azaleaproperties.es\/en\/contactar\/#breadcrumb","itemListElement":[{"@type":"ListItem","position":1,"name":"Portada","item":"https:\/\/www.azaleaproperties.es\/en\/"},{"@type":"ListItem","position":2,"name":"Contact"}]},{"@type":"WebSite","@id":"https:\/\/www.azaleaproperties.es\/en\/#website","url":"https:\/\/www.azaleaproperties.es\/en\/","name":"AZALEA PROPERTIES","description":"Inmobiliaria promotora de viviendas en la Costa Blanca, constru\u00eddas con la m\u00e1xima calidad y amor por los detalles. Nos encontrar\u00e1 en Torrevieja.","potentialAction":[{"@type":"SearchAction","target":{"@type":"EntryPoint","urlTemplate":"https:\/\/www.azaleaproperties.es\/en\/?s={search_term_string}"},"query-input":{"@type":"PropertyValueSpecification","valueRequired":true,"valueName":"search_term_string"}}],"inLanguage":"en-US"}]}},"_links":{"self":[{"href":"https:\/\/www.azaleaproperties.es\/en\/wp-json\/wp\/v2\/pages\/47207","targetHints":{"allow":["GET"]}}],"collection":[{"href":"https:\/\/www.azaleaproperties.es\/en\/wp-json\/wp\/v2\/pages"}],"about":[{"href":"https:\/\/www.azaleaproperties.es\/en\/wp-json\/wp\/v2\/types\/page"}],"author":[{"embeddable":true,"href":"https:\/\/www.azaleaproperties.es\/en\/wp-json\/wp\/v2\/users\/1"}],"replies":[{"embeddable":true,"href":"https:\/\/www.azaleaproperties.es\/en\/wp-json\/wp\/v2\/comments?post=47207"}],"version-history":[{"count":2,"href":"https:\/\/www.azaleaproperties.es\/en\/wp-json\/wp\/v2\/pages\/47207\/revisions"}],"predecessor-version":[{"id":47210,"href":"https:\/\/www.azaleaproperties.es\/en\/wp-json\/wp\/v2\/pages\/47207\/revisions\/47210"}],"wp:attachment":[{"href":"https:\/\/www.azaleaproperties.es\/en\/wp-json\/wp\/v2\/media?parent=47207"}],"curies":[{"name":"wp","href":"https:\/\/api.w.org\/{rel}","templated":true}]}}