{"id":47211,"date":"2025-03-18T14:57:27","date_gmt":"2025-03-18T13:57:27","guid":{"rendered":"https:\/\/www.azaleaproperties.es\/politica-privacidad\/"},"modified":"2025-08-04T13:19:38","modified_gmt":"2025-08-04T11:19:38","slug":"privacy-policy","status":"publish","type":"page","link":"https:\/\/www.azaleaproperties.es\/en\/privacy-policy\/","title":{"rendered":"Privacy policy"},"content":{"rendered":"<p>[et_pb_section fb_built=&#8221;1&#8243; _builder_version=&#8221;4.16&#8243; global_colors_info=&#8221;{}&#8221;][et_pb_row _builder_version=&#8221;4.16&#8243; background_size=&#8221;initial&#8221; background_position=&#8221;top_left&#8221; background_repeat=&#8221;repeat&#8221; global_colors_info=&#8221;{}&#8221;][et_pb_column type=&#8221;4_4&#8243; _builder_version=&#8221;4.16&#8243; custom_padding=&#8221;|||&#8221; global_colors_info=&#8221;{}&#8221; custom_padding__hover=&#8221;|||&#8221;][et_pb_text _builder_version=&#8221;4.27.4&#8243; background_size=&#8221;initial&#8221; background_position=&#8221;top_left&#8221; background_repeat=&#8221;repeat&#8221; hover_enabled=&#8221;0&#8243; global_colors_info=&#8221;{}&#8221; sticky_enabled=&#8221;0&#8243;]<\/p>\n<h1>WEBSITE PRIVACY POLICY<\/h1>\n<p>azaleaproperties.es and azalea-homes.com<\/p>\n<p><strong>I. PRIVACY AND DATA PROTECTION POLICY<\/strong><\/p>\n<p>Respecting the provisions of current legislation, azaleaproperties.es and azalea-homes.com (hereinafter, also Website) undertakes to adopt the necessary technical and organizational measures, according to the level of security appropriate to the risk of the data collected.<\/p>\n<p>Laws incorporated in this privacy policy<\/p>\n<p>This privacy policy is adapted to the Spanish and European regulations in force regarding the protection of personal data on the Internet. Specifically, the same respects the following rules:<\/p>\n<p>Regulation (EU) 2016\/679 of the European Parliament and of the Council of 27 April 2016 on the protection of natural persons with regard to the processing of personal data and on the free movement of such data (GDPR).<br \/>Organic Law 15\/1999, of December 13, 1999, on the Protection of Personal Data (LOPD).<br \/>Royal Decree 1720\/2007, of December 21, 2007, approving the Regulations for the development of Organic Law 15\/1999, of December 13, 1999, on the Protection of Personal Data (RDLOPD).<br \/>Law 34\/2002, of July 11, 2002, on Information Society Services and Electronic Commerce (LSSI-CE).<\/p>\n<p>Responsible for the processing of personal data<\/p>\n<p>The person responsible for the treatment of the personal data collected in azaleaproperties.es: AZALEA GRUPO INMOBILIARIO, S.L. with NIF: B73405516 and registered in the Mercantile Registry of Alicante, Volume 3771, Book 0, Folio 146, Section 8, Page A-139779, Inscription 2\u00aa (hereinafter Azalea). Its contact details are as follows:<\/p>\n<p>Address: AVDA. DE LAS HABANERAS, 87<br \/>03182 Torrevieja (Alicante)<\/p>\n<p>Contact telephone: 673 331 416<br \/>Contact email: info@azaleaproperties.es<\/p>\n<p>Registration of Personal Data<\/p>\n<p>The personal data collected by Azalea, through the forms extended in its pages and that the User provides us, are intended to provide the requested service, perform the billing of the same or, if the User has accepted, receive commercial notifications. The data provided will be kept as long as the business relationship is maintained or for the years necessary to comply with legal obligations. The data will not be transferred to third parties except in cases where there is a legal obligation. You have the right to obtain confirmation as to whether Azalea. is processing your personal data, therefore you have the right to access your personal data, rectify inaccurate data or request its deletion when the data is no longer necessary.<\/p>\n<p>Principles applicable to the processing of personal data<\/p>\n<p>The processing of the User&#8217;s personal data shall be subject to the following principles set out in Article 5 of the GDPR:<\/p>\n<p>Principle of lawfulness, fairness and transparency: the consent of the User will be required at all times after fully transparent information of the purposes for which the personal data are collected.<br \/>Purpose limitation principle: personal data will be collected for specified, explicit and legitimate purposes.<br \/>Principle of data minimization: the personal data collected will be only those strictly necessary in relation to the purposes for which they are processed.<br \/>Accuracy principle: personal data must be accurate and always up to date.<br \/>Principle of limitation of the storage period: personal data shall only be kept in such a way as to allow the identification of the User for the time necessary for the purposes for which they are processed.<br \/>Principle of integrity and confidentiality: personal data will be processed in such a way as to ensure their security and confidentiality.<br \/>Principle of proactive responsibility: the Data Controller shall be responsible for ensuring that the above principles are complied with.<\/p>\n<p>Categories of personal data<\/p>\n<p>The categories of data processed by Azalea are only identification data. In no case, special categories of personal data within the meaning of Article 9 of the GDPR are processed.<\/p>\n<p>Legal basis for the processing of personal data<\/p>\n<p>The legal basis for the processing of personal data is consent. Azalea undertakes to obtain the express and verifiable consent of the User to the processing of his\/her personal data for one or more specific purposes.<\/p>\n<p>The User shall have the right to withdraw his\/her consent at any time. It will be as easy to withdraw consent as to give it. As a general rule, the withdrawal of consent shall not condition the use of the Website.<\/p>\n<p>In the occasions in which the User must or may provide his data through forms to make inquiries, request information or for reasons related to the content of the Website, he will be informed in case the completion of any of them is mandatory because they are essential for the proper development of the operation performed.<\/p>\n<p>Recipients of personal data<\/p>\n<p>The User&#8217;s personal data will not be shared with third parties.<\/p>\n<p>In any case, at the time the personal data is collected, the User will be informed about the recipients or categories of recipients of the personal data.<\/p>\n<p>Personal data of minors<\/p>\n<p>Respecting the provisions of Articles 8 of the RGPD and 13 of the RDLOPD, only those over 14 years of age may give their consent to the processing of their personal data in a lawful manner by Azalea. In the case of a minor under 14 years of age, the consent of the parents or guardians will be required for the processing, and this will only be considered lawful to the extent that they have authorized it.<\/p>\n<p>Secrecy and security of personal data<\/p>\n<p>Azalea undertakes to adopt the necessary technical and organizational measures, according to the level of security appropriate to the risk of the data collected, so as to ensure the security of personal data and prevent the accidental or unlawful destruction, loss or alteration of personal data transmitted, stored or otherwise processed, or unauthorized communication or access to such data.<\/p>\n<p>The Web Site has an SSL (Secure Socket Layer) certificate, which ensures that personal data is transmitted securely and confidentially, as the transmission of data between the server and the User, and in feedback, is fully encrypted or encrypted.<\/p>\n<p>However, because Azalea cannot guarantee the impregnability of the Internet or the total absence of hackers or others who fraudulently access personal data, the Data Controller undertakes to notify the User without undue delay when a breach of security of personal data occurs that is likely to involve a high risk to the rights and freedoms of natural persons. Following the provisions of Article 4 of the GDPR, a breach of security of personal data means any breach of security resulting in the accidental or unlawful destruction, loss or alteration of personal data transmitted, stored or otherwise processed, or unauthorized communication or access to such data.<\/p>\n<p>Personal data will be treated as confidential by the Data Controller, who undertakes to inform and to ensure by means of a legal or contractual obligation that such confidentiality is respected by its employees, associates, and any person to whom it makes the information accessible.<\/p>\n<p>Rights arising from the processing of personal data<\/p>\n<p>The User has over Azalea and may, therefore, exercise against the Data Controller the following rights recognized in the RGPD:<\/p>\n<p>Right of access: this is the User&#8217;s right to obtain confirmation as to whether or not Azalea is processing his\/her personal data and, if so, to obtain information about his\/her specific personal data and the processing that Azalea has carried out or is carrying out, as well as, among others, the information available on the origin of such data and the recipients of the communications made or planned for such data.<\/p>\n<p>Right of rectification: This is the User&#8217;s right to have his or her personal data that proves to be inaccurate or, taking into account the purposes of the processing, incomplete, modified.<\/p>\n<p>Right of deletion (\u201cthe right to be forgotten\u201d): This is the User&#8217;s right, unless otherwise provided for by applicable law, to obtain the erasure of his or her personal data when such data is no longer necessary for the purposes for which it was collected or processed; the User has withdrawn his or her consent to the processing and the processing has no other lawful basis; the User objects to the processing and there is no other legitimate reason to continue the processing; the personal data have been processed unlawfully; the personal data must be deleted in compliance with a legal obligation; or the personal data have been obtained as a result of a direct offer of information society services to a minor under 14 years of age. In addition to deleting the data, the Controller, taking into account the technology available and the cost of its implementation, shall take reasonable steps to inform controllers who are processing the personal data of the data subject&#8217;s request for the deletion of any link to such personal data.<\/p>\n<p>Right to limitation of processing: This is the User&#8217;s right to limit the processing of his\/her personal data. The User has the right to obtain the limitation of the processing when he\/she contests the accuracy of his\/her personal data; the processing is unlawful; the Controller no longer needs the personal data, but the User needs it to make claims; and when the User has objected to the processing.<\/p>\n<p>Right to data portability: Where processing is carried out by automated means, the User shall have the right to receive from the Controller his or her personal data in a structured, commonly used and machine-readable format, and to transmit it to another Controller. Whenever technically possible, the Controller shall transmit the data directly to such other controller.<\/p>\n<p>Right of opposition: This is the User&#8217;s right not to have his or her personal data processed or to have the processing of such data by Azalea cease.<\/p>\n<p>Right not to be subject to a decision based solely on automated processing, including profiling: This is the User&#8217;s right not to be subject to an individualized decision based solely on automated processing of his or her personal data, including profiling, unless otherwise provided by law.<\/p>\n<p>Thus, the User may exercise their rights by written communication addressed to the Data Controller with the reference \u201cRGPD-azaleaproperties.es\u201d, specifying:<\/p>\n<p>Name, surname of the User and copy of the ID card. In cases where representation is admitted, it will also be necessary the identification by the same means of the person representing the User, as well as the document proving the representation. The photocopy of the DNI may be substituted by any other means valid in law that proves the identity.<br \/>Request with the specific reasons for the request or information to be accessed.<br \/>Address for notification purposes.<br \/>Date and signature of the applicant.<br \/>Any document that accredits the request being made.<br \/>This request and any other attached documents may be sent to the following address and\/or e-mail address:<\/p>\n<p>Mailing address:<br \/>AVDA. DE LAS HABANERAS, 87<br \/>03182 Torrevieja (Alicante)<\/p>\n<p>Email: info@azaleaproperties.es<\/p>\n<p>Claims before the supervisory authority<\/p>\n<p>In the event that the User considers that there is a problem or infringement of the regulations in force in the way in which his\/her personal data is being processed, he\/she shall have the right to effective judicial protection and to file a complaint before a supervisory authority, in particular, in the State in which he\/she has his\/her habitual residence, place of work or place of the alleged infringement. In the case of Spain, the supervisory authority is the Spanish Data Protection Agency (http:\/\/www.agpd.es).<\/p>\n<p>&nbsp;<\/p>\n<p>[\/et_pb_text][\/et_pb_column][\/et_pb_row][\/et_pb_section]<\/p>\n","protected":false},"excerpt":{"rendered":"<p>WEBSITE PRIVACY POLICY azaleaproperties.es and azalea-homes.com I. PRIVACY AND DATA PROTECTION POLICY Respecting the provisions of current legislation, azaleaproperties.es and azalea-homes.com (hereinafter, also Website) undertakes to adopt the necessary technical and organizational measures, according to the level of security appropriate to the risk of the data collected. Laws incorporated in this privacy policy This privacy [&hellip;]<\/p>\n","protected":false},"author":1,"featured_media":0,"parent":0,"menu_order":0,"comment_status":"closed","ping_status":"open","template":"","meta":{"_acf_changed":false,"_et_pb_use_builder":"on","_et_pb_old_content":"<!-- wp:heading -->\r\n<h2 class=\"wp-block-heading\">Qui\u00e9nes somos<\/h2>\r\n<!-- \/wp:heading -->\r\n<!-- wp:paragraph -->\r\n<p><strong class=\"privacy-policy-tutorial\">Texto sugerido: <\/strong>La direcci\u00f3n de nuestra web es: http:\/\/azalea-homes.com.<\/p>\r\n<!-- \/wp:paragraph -->\r\n<!-- wp:heading -->\r\n<h2 class=\"wp-block-heading\">Comentarios<\/h2>\r\n<!-- \/wp:heading -->\r\n<!-- wp:paragraph -->\r\n<p><strong class=\"privacy-policy-tutorial\">Texto sugerido: <\/strong>Cuando los visitantes dejan comentarios en la web, recopilamos los datos que se muestran en el formulario de comentarios, as\u00ed como la direcci\u00f3n IP del visitante y la cadena de agentes de usuario del navegador para ayudar a la detecci\u00f3n de spam.<\/p>\r\n<!-- \/wp:paragraph -->\r\n<!-- wp:paragraph -->\r\n<p>Una cadena an\u00f3nima creada a partir de tu direcci\u00f3n de correo electr\u00f3nico (tambi\u00e9n llamada hash) puede ser proporcionada al servicio de Gravatar para ver si la est\u00e1s usando. La pol\u00edtica de privacidad del servicio Gravatar est\u00e1 disponible aqu\u00ed: https:\/\/automattic.com\/privacy\/. Despu\u00e9s de la aprobaci\u00f3n de tu comentario, la imagen de tu perfil es visible para el p\u00fablico en el contexto de tu comentario.<\/p>\r\n<!-- \/wp:paragraph -->\r\n<!-- wp:heading -->\r\n<h2 class=\"wp-block-heading\">Medios<\/h2>\r\n<!-- \/wp:heading -->\r\n<!-- wp:paragraph -->\r\n<p><strong class=\"privacy-policy-tutorial\">Texto sugerido: <\/strong>Si subes im\u00e1genes a la web, deber\u00edas evitar subir im\u00e1genes con datos de ubicaci\u00f3n (GPS EXIF) incluidos. Los visitantes de la web pueden descargar y extraer cualquier dato de ubicaci\u00f3n de las im\u00e1genes de la web.<\/p>\r\n<!-- \/wp:paragraph -->\r\n<!-- wp:heading -->\r\n<h2 class=\"wp-block-heading\">Cookies<\/h2>\r\n<!-- \/wp:heading -->\r\n<!-- wp:paragraph -->\r\n<p><strong class=\"privacy-policy-tutorial\">Texto sugerido: <\/strong>Si dejas un comentario en nuestro sitio puedes elegir guardar tu nombre, direcci\u00f3n de correo electr\u00f3nico y web en cookies. Esto es para tu comodidad, para que no tengas que volver a rellenar tus datos cuando dejes otro comentario. Estas cookies tendr\u00e1n una duraci\u00f3n de un a\u00f1o.<\/p>\r\n<!-- \/wp:paragraph -->\r\n<!-- wp:paragraph -->\r\n<p>Si tienes una cuenta y te conectas a este sitio, instalaremos una cookie temporal para determinar si tu navegador acepta cookies. Esta cookie no contiene datos personales y se elimina al cerrar el navegador.<\/p>\r\n<!-- \/wp:paragraph -->\r\n<!-- wp:paragraph -->\r\n<p>Cuando accedas, tambi\u00e9n instalaremos varias cookies para guardar tu informaci\u00f3n de acceso y tus opciones de visualizaci\u00f3n de pantalla. Las cookies de acceso duran dos d\u00edas, y las cookies de opciones de pantalla duran un a\u00f1o. Si seleccionas \u00abRecu\u00e9rdarme\u00bb, tu acceso perdurar\u00e1 durante dos semanas. Si sales de tu cuenta, las cookies de acceso se eliminar\u00e1n.<\/p>\r\n<!-- \/wp:paragraph -->\r\n<!-- wp:paragraph -->\r\n<p>Si editas o publicas un art\u00edculo se guardar\u00e1 una cookie adicional en tu navegador. Esta cookie no incluye datos personales y simplemente indica el ID del art\u00edculo que acabas de editar. Caduca despu\u00e9s de 1 d\u00eda.<\/p>\r\n<!-- \/wp:paragraph -->\r\n<!-- wp:heading -->\r\n<h2 class=\"wp-block-heading\">Contenido incrustado de otros sitios web<\/h2>\r\n<!-- \/wp:heading -->\r\n<!-- wp:paragraph -->\r\n<p><strong class=\"privacy-policy-tutorial\">Texto sugerido: <\/strong>Los art\u00edculos de este sitio pueden incluir contenido incrustado (por ejemplo, v\u00eddeos, im\u00e1genes, art\u00edculos, etc.). El contenido incrustado de otras webs se comporta exactamente de la misma manera que si el visitante hubiera visitado la otra web.<\/p>\r\n<!-- \/wp:paragraph -->\r\n<!-- wp:paragraph -->\r\n<p>Estas web pueden recopilar datos sobre ti, utilizar cookies, incrustar un seguimiento adicional de terceros, y supervisar tu interacci\u00f3n con ese contenido incrustado, incluido el seguimiento de tu interacci\u00f3n con el contenido incrustado si tienes una cuenta y est\u00e1s conectado a esa web.<\/p>\r\n<!-- \/wp:paragraph -->\r\n<!-- wp:heading -->\r\n<h2 class=\"wp-block-heading\">Con qui\u00e9n compartimos tus datos<\/h2>\r\n<!-- \/wp:heading -->\r\n<!-- wp:paragraph -->\r\n<p><strong class=\"privacy-policy-tutorial\">Texto sugerido: <\/strong>Si solicitas un restablecimiento de contrase\u00f1a, tu direcci\u00f3n IP ser\u00e1 incluida en el correo electr\u00f3nico de restablecimiento.<\/p>\r\n<!-- \/wp:paragraph -->\r\n<!-- wp:heading -->\r\n<h2 class=\"wp-block-heading\">Cu\u00e1nto tiempo conservamos tus datos<\/h2>\r\n<!-- \/wp:heading -->\r\n<!-- wp:paragraph -->\r\n<p><strong class=\"privacy-policy-tutorial\">Texto sugerido: <\/strong>Si dejas un comentario, el comentario y sus metadatos se conservan indefinidamente. Esto es para que podamos reconocer y aprobar comentarios sucesivos autom\u00e1ticamente, en lugar de mantenerlos en una cola de moderaci\u00f3n.<\/p>\r\n<!-- \/wp:paragraph -->\r\n<!-- wp:paragraph -->\r\n<p>De los usuarios que se registran en nuestra web (si los hay), tambi\u00e9n almacenamos la informaci\u00f3n personal que proporcionan en su perfil de usuario. Todos los usuarios pueden ver, editar o eliminar su informaci\u00f3n personal en cualquier momento (excepto que no pueden cambiar su nombre de usuario). Los administradores de la web tambi\u00e9n pueden ver y editar esa informaci\u00f3n.<\/p>\r\n<!-- \/wp:paragraph -->\r\n<!-- wp:heading -->\r\n<h2 class=\"wp-block-heading\">Qu\u00e9 derechos tienes sobre tus datos<\/h2>\r\n<!-- \/wp:heading -->\r\n<!-- wp:paragraph -->\r\n<p><strong class=\"privacy-policy-tutorial\">Texto sugerido: <\/strong>Si tienes una cuenta o has dejado comentarios en esta web, puedes solicitar recibir un archivo de exportaci\u00f3n de los datos personales que tenemos sobre ti, incluyendo cualquier dato que nos hayas proporcionado. Tambi\u00e9n puedes solicitar que eliminemos cualquier dato personal que tengamos sobre ti. Esto no incluye ning\u00fan dato que estemos obligados a conservar con fines administrativos, legales o de seguridad.<\/p>\r\n<!-- \/wp:paragraph -->\r\n<!-- wp:heading -->\r\n<h2 class=\"wp-block-heading\">D\u00f3nde se env\u00edan tus datos<\/h2>\r\n<!-- \/wp:heading -->\r\n<!-- wp:paragraph -->\r\n<p><strong class=\"privacy-policy-tutorial\">Texto sugerido: <\/strong>Los comentarios de los visitantes puede que los revise un servicio de detecci\u00f3n autom\u00e1tica de spam.<\/p>\r\n<!-- \/wp:paragraph -->","_et_gb_content_width":"","footnotes":""},"class_list":["post-47211","page","type-page","status-publish","hentry"],"acf":[],"yoast_head":"<!-- This site is optimized with the Yoast SEO plugin v27.2 - https:\/\/yoast.com\/product\/yoast-seo-wordpress\/ -->\n<title>Privacy policy - AZALEA PROPERTIES<\/title>\n<meta name=\"robots\" content=\"index, follow, max-snippet:-1, max-image-preview:large, max-video-preview:-1\" \/>\n<link rel=\"canonical\" href=\"https:\/\/www.azaleaproperties.es\/en\/privacy-policy\/\" \/>\n<meta property=\"og:locale\" content=\"en_US\" \/>\n<meta property=\"og:type\" content=\"article\" \/>\n<meta property=\"og:title\" content=\"Privacy policy - AZALEA PROPERTIES\" \/>\n<meta property=\"og:description\" content=\"WEBSITE PRIVACY POLICY azaleaproperties.es and azalea-homes.com I. PRIVACY AND DATA PROTECTION POLICY Respecting the provisions of current legislation, azaleaproperties.es and azalea-homes.com (hereinafter, also Website) undertakes to adopt the necessary technical and organizational measures, according to the level of security appropriate to the risk of the data collected. Laws incorporated in this privacy policy This privacy [&hellip;]\" \/>\n<meta property=\"og:url\" content=\"https:\/\/www.azaleaproperties.es\/en\/privacy-policy\/\" \/>\n<meta property=\"og:site_name\" content=\"AZALEA PROPERTIES\" \/>\n<meta property=\"article:modified_time\" content=\"2025-08-04T11:19:38+00:00\" \/>\n<meta name=\"twitter:card\" content=\"summary_large_image\" \/>\n<meta name=\"twitter:label1\" content=\"Est. reading time\" \/>\n\t<meta name=\"twitter:data1\" content=\"10 minutes\" \/>\n<script type=\"application\/ld+json\" class=\"yoast-schema-graph\">{\"@context\":\"https:\/\/schema.org\",\"@graph\":[{\"@type\":\"WebPage\",\"@id\":\"https:\/\/www.azaleaproperties.es\/en\/privacy-policy\/\",\"url\":\"https:\/\/www.azaleaproperties.es\/en\/privacy-policy\/\",\"name\":\"Privacy policy - AZALEA PROPERTIES\",\"isPartOf\":{\"@id\":\"https:\/\/www.azaleaproperties.es\/en\/#website\"},\"datePublished\":\"2025-03-18T13:57:27+00:00\",\"dateModified\":\"2025-08-04T11:19:38+00:00\",\"breadcrumb\":{\"@id\":\"https:\/\/www.azaleaproperties.es\/en\/privacy-policy\/#breadcrumb\"},\"inLanguage\":\"en-US\",\"potentialAction\":[{\"@type\":\"ReadAction\",\"target\":[\"https:\/\/www.azaleaproperties.es\/en\/privacy-policy\/\"]}]},{\"@type\":\"BreadcrumbList\",\"@id\":\"https:\/\/www.azaleaproperties.es\/en\/privacy-policy\/#breadcrumb\",\"itemListElement\":[{\"@type\":\"ListItem\",\"position\":1,\"name\":\"Portada\",\"item\":\"https:\/\/www.azaleaproperties.es\/en\/\"},{\"@type\":\"ListItem\",\"position\":2,\"name\":\"Privacy policy\"}]},{\"@type\":\"WebSite\",\"@id\":\"https:\/\/www.azaleaproperties.es\/en\/#website\",\"url\":\"https:\/\/www.azaleaproperties.es\/en\/\",\"name\":\"AZALEA PROPERTIES\",\"description\":\"Inmobiliaria promotora de viviendas en la Costa Blanca, constru\u00eddas con la m\u00e1xima calidad y amor por los detalles. Nos encontrar\u00e1 en Torrevieja.\",\"potentialAction\":[{\"@type\":\"SearchAction\",\"target\":{\"@type\":\"EntryPoint\",\"urlTemplate\":\"https:\/\/www.azaleaproperties.es\/en\/?s={search_term_string}\"},\"query-input\":{\"@type\":\"PropertyValueSpecification\",\"valueRequired\":true,\"valueName\":\"search_term_string\"}}],\"inLanguage\":\"en-US\"}]}<\/script>\n<!-- \/ Yoast SEO plugin. -->","yoast_head_json":{"title":"Privacy policy - AZALEA PROPERTIES","robots":{"index":"index","follow":"follow","max-snippet":"max-snippet:-1","max-image-preview":"max-image-preview:large","max-video-preview":"max-video-preview:-1"},"canonical":"https:\/\/www.azaleaproperties.es\/en\/privacy-policy\/","og_locale":"en_US","og_type":"article","og_title":"Privacy policy - AZALEA PROPERTIES","og_description":"WEBSITE PRIVACY POLICY azaleaproperties.es and azalea-homes.com I. PRIVACY AND DATA PROTECTION POLICY Respecting the provisions of current legislation, azaleaproperties.es and azalea-homes.com (hereinafter, also Website) undertakes to adopt the necessary technical and organizational measures, according to the level of security appropriate to the risk of the data collected. Laws incorporated in this privacy policy This privacy [&hellip;]","og_url":"https:\/\/www.azaleaproperties.es\/en\/privacy-policy\/","og_site_name":"AZALEA PROPERTIES","article_modified_time":"2025-08-04T11:19:38+00:00","twitter_card":"summary_large_image","twitter_misc":{"Est. reading time":"10 minutes"},"schema":{"@context":"https:\/\/schema.org","@graph":[{"@type":"WebPage","@id":"https:\/\/www.azaleaproperties.es\/en\/privacy-policy\/","url":"https:\/\/www.azaleaproperties.es\/en\/privacy-policy\/","name":"Privacy policy - AZALEA PROPERTIES","isPartOf":{"@id":"https:\/\/www.azaleaproperties.es\/en\/#website"},"datePublished":"2025-03-18T13:57:27+00:00","dateModified":"2025-08-04T11:19:38+00:00","breadcrumb":{"@id":"https:\/\/www.azaleaproperties.es\/en\/privacy-policy\/#breadcrumb"},"inLanguage":"en-US","potentialAction":[{"@type":"ReadAction","target":["https:\/\/www.azaleaproperties.es\/en\/privacy-policy\/"]}]},{"@type":"BreadcrumbList","@id":"https:\/\/www.azaleaproperties.es\/en\/privacy-policy\/#breadcrumb","itemListElement":[{"@type":"ListItem","position":1,"name":"Portada","item":"https:\/\/www.azaleaproperties.es\/en\/"},{"@type":"ListItem","position":2,"name":"Privacy policy"}]},{"@type":"WebSite","@id":"https:\/\/www.azaleaproperties.es\/en\/#website","url":"https:\/\/www.azaleaproperties.es\/en\/","name":"AZALEA PROPERTIES","description":"Inmobiliaria promotora de viviendas en la Costa Blanca, constru\u00eddas con la m\u00e1xima calidad y amor por los detalles. Nos encontrar\u00e1 en Torrevieja.","potentialAction":[{"@type":"SearchAction","target":{"@type":"EntryPoint","urlTemplate":"https:\/\/www.azaleaproperties.es\/en\/?s={search_term_string}"},"query-input":{"@type":"PropertyValueSpecification","valueRequired":true,"valueName":"search_term_string"}}],"inLanguage":"en-US"}]}},"_links":{"self":[{"href":"https:\/\/www.azaleaproperties.es\/en\/wp-json\/wp\/v2\/pages\/47211","targetHints":{"allow":["GET"]}}],"collection":[{"href":"https:\/\/www.azaleaproperties.es\/en\/wp-json\/wp\/v2\/pages"}],"about":[{"href":"https:\/\/www.azaleaproperties.es\/en\/wp-json\/wp\/v2\/types\/page"}],"author":[{"embeddable":true,"href":"https:\/\/www.azaleaproperties.es\/en\/wp-json\/wp\/v2\/users\/1"}],"replies":[{"embeddable":true,"href":"https:\/\/www.azaleaproperties.es\/en\/wp-json\/wp\/v2\/comments?post=47211"}],"version-history":[{"count":5,"href":"https:\/\/www.azaleaproperties.es\/en\/wp-json\/wp\/v2\/pages\/47211\/revisions"}],"predecessor-version":[{"id":47220,"href":"https:\/\/www.azaleaproperties.es\/en\/wp-json\/wp\/v2\/pages\/47211\/revisions\/47220"}],"wp:attachment":[{"href":"https:\/\/www.azaleaproperties.es\/en\/wp-json\/wp\/v2\/media?parent=47211"}],"curies":[{"name":"wp","href":"https:\/\/api.w.org\/{rel}","templated":true}]}}